{"id":124,"date":"2016-08-04T13:22:44","date_gmt":"2016-08-04T11:22:44","guid":{"rendered":"http:\/\/www.technitynk.pl\/?page_id=124"},"modified":"2024-09-23T14:52:07","modified_gmt":"2024-09-23T12:52:07","slug":"o-firmie","status":"publish","type":"page","link":"https:\/\/www.technitynk.pl\/en\/o-firmie\/","title":{"rendered":"O firmie"},"content":{"rendered":"<p><strong>Szanowni Pa\u0144stwo!<\/strong><\/p>\n<p>Celem dzia\u0142alno\u015bci naszej firmy jest produkcja nowoczesnych, wielofunkcyjnych system\u00f3w docieple\u0144, tynk\u00f3w akrylowych, silikonowych, silikatowych, siloksanowych, farb fasadowych i farb wewn\u0119trznych oraz szerokiej gamy innych produkt\u00f3w znajduj\u0105cych zastosowanie w budownictwie.<\/p>\n<p>Stosowane przez firm\u0119 rozwi\u0105zania recepturowe i technologiczne bazuj\u0105 na najnowocze\u015bniejszych technologiach, najwy\u017cszej jako\u015bci surowcach i standardach obowi\u0105zuj\u0105cych w Krajach Unii Europejskiej, a tak\u017ce na wieloletnim do\u015bwiadczeniu naszych pracownik\u00f3w.<\/p>\n<p>Szeroka gama kolorystyczna oferowanych produkt\u00f3w, konsultacje i szkolenia w zakresie ich zastosowania, gwarantuj\u0105 naszym Odbiorcom pe\u0142n\u0105 satysfakcj\u0119 z u\u017cycia materia\u0142\u00f3w naszej firmy i d\u0142ugi okres ich eksploatacji.<\/p>\n<p>TECHNITynk Sp. z o.o. zosta\u0142a za\u0142o\u017cona w dniu 21.01.2004.<\/p>","protected":false},"excerpt":{"rendered":"<p>Szanowni Pa\u0144stwo! Celem dzia\u0142alno\u015bci naszej firmy jest produkcja nowoczesnych, wielofunkcyjnych system\u00f3w docieple\u0144, tynk\u00f3w akrylowych, silikonowych, silikatowych, siloksanowych, farb fasadowych i farb wewn\u0119trznych oraz szerokiej gamy innych produkt\u00f3w znajduj\u0105cych zastosowanie w budownictwie. Stosowane przez firm\u0119 rozwi\u0105zania recepturowe i technologiczne bazuj\u0105 na najnowocze\u015bniejszych technologiach, najwy\u017cszej jako\u015bci surowcach i standardach obowi\u0105zuj\u0105cych w Krajach Unii Europejskiej, a tak\u017ce na [&hellip;]<\/p>\n","protected":false},"author":1,"featured_media":0,"parent":0,"menu_order":0,"comment_status":"closed","ping_status":"closed","template":"page_simple.php","meta":[],"_links":{"self":[{"href":"https:\/\/www.technitynk.pl\/en\/wp-json\/wp\/v2\/pages\/124"}],"collection":[{"href":"https:\/\/www.technitynk.pl\/en\/wp-json\/wp\/v2\/pages"}],"about":[{"href":"https:\/\/www.technitynk.pl\/en\/wp-json\/wp\/v2\/types\/page"}],"author":[{"embeddable":true,"href":"https:\/\/www.technitynk.pl\/en\/wp-json\/wp\/v2\/users\/1"}],"replies":[{"embeddable":true,"href":"https:\/\/www.technitynk.pl\/en\/wp-json\/wp\/v2\/comments?post=124"}],"version-history":[{"count":0,"href":"https:\/\/www.technitynk.pl\/en\/wp-json\/wp\/v2\/pages\/124\/revisions"}],"wp:attachment":[{"href":"https:\/\/www.technitynk.pl\/en\/wp-json\/wp\/v2\/media?parent=124"}],"curies":[{"name":"wp","href":"https:\/\/api.w.org\/{rel}","templated":true}]}}