{"id":134,"date":"2016-08-04T13:24:02","date_gmt":"2016-08-04T11:24:02","guid":{"rendered":"http:\/\/www.technitynk.pl\/?page_id=134"},"modified":"2017-11-09T11:02:31","modified_gmt":"2017-11-09T10:02:31","slug":"kariera","status":"publish","type":"page","link":"https:\/\/www.technitynk.pl\/en\/kariera\/","title":{"rendered":"Kariera"},"content":{"rendered":"<p>Celem dzia\u0142alno\u015bci naszej firmy jest produkcja nowoczesnych, wielofunkcyjnych system\u00f3w docieple\u0144,\u00a0farb fasadowych, farb wewn\u0119trznych oraz szerokiej gamy innych produkt\u00f3w znajduj\u0105cych\u00a0zastosowanie w budownictwie.<\/p>\n<p>Poszukuje osoby na stanowisko:<\/p>\n<h4>PRZEDSTAWICIEL HANDLOWY DS. SIECI<\/h4>\n<p>Region: ca\u0142a Polska<br \/>\nNumer referencyjny: DIY\/14<\/p>\n<p><strong>Opis stanowiska:<\/strong><\/p>\n<ul>\n<li>realizacja plan\u00f3w sprzeda\u017cy,<\/li>\n<li>przygotowanie ofert i negocjacje handlowe,<\/li>\n<li>pozyskiwanie nowych klient\u00f3w i utrzymanie wsp\u00f3\u0142pracy z dotychczasowymi klientami,<\/li>\n<li>monitorowanie informacji dotycz\u0105cych rynku i dzia\u0142a\u0144 konkurencji.<\/li>\n<\/ul>\n<p><strong>Wymagania:<\/strong><\/p>\n<ul>\n<li>DO\u015aWIADCZENIE W BRAN\u017bY BUDOWLANEJ &#8211; WARUNEK KONIECZNY,<\/li>\n<li>znajomo\u015b\u0107 rynku market\u00f3w DIY,<\/li>\n<li>znajomo\u015b\u0107 dystrybutor\u00f3w materia\u0142\u00f3w budowlanych,<\/li>\n<li>dyspozycyjno\u015b\u0107,<\/li>\n<li>wykszta\u0142cenie min. \u015brednie,<\/li>\n<li>posiadanie prawa jazdy kat. B,<\/li>\n<li>komunikatywno\u015b\u0107 i \u0142atwo\u015b\u0107 w nawi\u0105zywaniu kontakt\u00f3w,<\/li>\n<li>umiej\u0119tno\u015b\u0107 prowadzenia negocjacji handlowych.<\/li>\n<\/ul>\n<p><strong>Oferujemy:<\/strong><\/p>\n<ul>\n<li>umow\u0119 o prac\u0119,<\/li>\n<li>motywacyjny system wynagrodzenia,<\/li>\n<li>samoch\u00f3d s\u0142u\u017cbowy i telefon,<\/li>\n<li>prac\u0119 w m\u0142odym dynamicznym zespole,<\/li>\n<li>niezb\u0119dne narz\u0119dzia do pracy.<\/li>\n<\/ul>\n<p>List motywacyjny, CV wraz ze zdj\u0119ciem prosimy przesy\u0142a\u0107 drog\u0105 elektroniczn\u0105.\u00a0Prosimy o dopisanie nast\u0119puj\u0105cej klauzuli: &#8220;Wyra\u017cam zgod\u0119 na przetwarzanie moich danych osobowych zawartych w mojej ofercie pracy dla potrzeb niezb\u0119dnych do realizacji procesu rekrutacji zgodnie z ustaw\u0105 z dnia 29 sierpnia 1997 r. o ochronie danych osobowych (Dz. U. z 2002 r. Nr 101, poz. 926, ze zm.)&#8221;.<\/p>\n","protected":false},"excerpt":{"rendered":"<p>Celem dzia\u0142alno\u015bci naszej firmy jest produkcja nowoczesnych, wielofunkcyjnych system\u00f3w docieple\u0144,\u00a0farb fasadowych, farb wewn\u0119trznych oraz szerokiej gamy innych produkt\u00f3w znajduj\u0105cych\u00a0zastosowanie w budownictwie. Poszukuje osoby na stanowisko: PRZEDSTAWICIEL HANDLOWY DS. SIECI Region: ca\u0142a Polska Numer referencyjny: DIY\/14 Opis stanowiska: realizacja plan\u00f3w sprzeda\u017cy, przygotowanie ofert i negocjacje handlowe, pozyskiwanie nowych klient\u00f3w i utrzymanie wsp\u00f3\u0142pracy z dotychczasowymi klientami, monitorowanie [&hellip;]<\/p>\n","protected":false},"author":1,"featured_media":0,"parent":0,"menu_order":0,"comment_status":"closed","ping_status":"closed","template":"page_simple.php","meta":[],"_links":{"self":[{"href":"https:\/\/www.technitynk.pl\/en\/wp-json\/wp\/v2\/pages\/134"}],"collection":[{"href":"https:\/\/www.technitynk.pl\/en\/wp-json\/wp\/v2\/pages"}],"about":[{"href":"https:\/\/www.technitynk.pl\/en\/wp-json\/wp\/v2\/types\/page"}],"author":[{"embeddable":true,"href":"https:\/\/www.technitynk.pl\/en\/wp-json\/wp\/v2\/users\/1"}],"replies":[{"embeddable":true,"href":"https:\/\/www.technitynk.pl\/en\/wp-json\/wp\/v2\/comments?post=134"}],"version-history":[{"count":0,"href":"https:\/\/www.technitynk.pl\/en\/wp-json\/wp\/v2\/pages\/134\/revisions"}],"wp:attachment":[{"href":"https:\/\/www.technitynk.pl\/en\/wp-json\/wp\/v2\/media?parent=134"}],"curies":[{"name":"wp","href":"https:\/\/api.w.org\/{rel}","templated":true}]}}