{"id":236,"date":"2016-09-01T14:55:09","date_gmt":"2016-09-01T12:55:09","guid":{"rendered":"http:\/\/www.technitynk.pl\/?page_id=236"},"modified":"2025-11-24T16:05:56","modified_gmt":"2025-11-24T15:05:56","slug":"grunt-akrylowy-technigrunt-ga","status":"publish","type":"page","link":"https:\/\/www.technitynk.pl\/en\/produkty\/emulsje-gruntujace\/grunt-akrylowy-technigrunt-ga\/","title":{"rendered":"Grunt akrylowy g\u0142\u0119bokopenetruj\u0105cy TECHNIGrunt GA"},"content":{"rendered":"","protected":false},"excerpt":{"rendered":"","protected":false},"author":1,"featured_media":704,"parent":102,"menu_order":0,"comment_status":"closed","ping_status":"closed","template":"","meta":[],"_links":{"self":[{"href":"https:\/\/www.technitynk.pl\/en\/wp-json\/wp\/v2\/pages\/236"}],"collection":[{"href":"https:\/\/www.technitynk.pl\/en\/wp-json\/wp\/v2\/pages"}],"about":[{"href":"https:\/\/www.technitynk.pl\/en\/wp-json\/wp\/v2\/types\/page"}],"author":[{"embeddable":true,"href":"https:\/\/www.technitynk.pl\/en\/wp-json\/wp\/v2\/users\/1"}],"replies":[{"embeddable":true,"href":"https:\/\/www.technitynk.pl\/en\/wp-json\/wp\/v2\/comments?post=236"}],"version-history":[{"count":0,"href":"https:\/\/www.technitynk.pl\/en\/wp-json\/wp\/v2\/pages\/236\/revisions"}],"up":[{"embeddable":true,"href":"https:\/\/www.technitynk.pl\/en\/wp-json\/wp\/v2\/pages\/102"}],"wp:featuredmedia":[{"embeddable":true,"href":"https:\/\/www.technitynk.pl\/en\/wp-json\/wp\/v2\/media\/704"}],"wp:attachment":[{"href":"https:\/\/www.technitynk.pl\/en\/wp-json\/wp\/v2\/media?parent=236"}],"curies":[{"name":"wp","href":"https:\/\/api.w.org\/{rel}","templated":true}]}}