{"id":87,"date":"2016-08-04T13:08:12","date_gmt":"2016-08-04T11:08:12","guid":{"rendered":"http:\/\/www.technitynk.pl\/?page_id=87"},"modified":"2017-06-08T18:40:42","modified_gmt":"2017-06-08T16:40:42","slug":"systemy-ocieplen","status":"publish","type":"page","link":"https:\/\/www.technitynk.pl\/en\/systemy-ocieplen\/","title":{"rendered":"Systemy ocieple\u0144"},"content":{"rendered":"<p>System ocieple\u0144 TECHNITherm przeznaczony jest do stosowania jako zewn\u0119trzna izolacja \u015bcian na budynkach nowo wznoszonych, jak i ju\u017c eksploatowanych. System spe\u0142nia zadania wymaganej izolacyjno\u015bci cieplnej. Prawid\u0142owa technologia wykonania pozwoli na uzyskanie w\u0142a\u015bciwej jako\u015bci rob\u00f3t i uzyskanie odpowiedniej trwa\u0142o\u015bci ocieplenia.<\/p>\n<p>Dzi\u0119ki ilo\u015bci dost\u0119pnych produkt\u00f3w, kolor\u00f3w i struktur oraz dowolnego ich \u0142\u0105czenia mo\u017cliwe jest swobodne kszta\u0142towanie wygl\u0105du elewacji.<\/p>\n<p><strong>TECHNI<span style=\"color: #ff0000;\">Therm-A<\/span><\/strong> &#8211; system na bazie tynku akrylowego<br \/>\n<strong>TECHNI<span style=\"color: #ff0000;\">Therm-S<\/span><\/strong> &#8211; system na bazie tynku silikatowego<br \/>\n<strong>TECHNI<span style=\"color: #ff0000;\">Therm-SN<\/span><\/strong> &#8211; system na bazie tynku silikonowego<br \/>\n<strong>TECHNI<span style=\"color: #ff0000;\">Therm-SIX<\/span><\/strong> &#8211; system na bazie tynku siloksanowego<br \/>\n<strong>TECHNI<span style=\"color: #ff0000;\">Therm-M<\/span><\/strong> &#8211; system na bazie tynku mozaikowego<br \/>\n<strong>TECHNI<span style=\"color: #ff0000;\">Therm Mineral<\/span><\/strong> &#8211; system na bazie tynku mineralnego<\/p>\n<p>S\u0105 to systemy ocieple\u0144 budynk\u00f3w, kt\u00f3re polegaj\u0105 na zamocowaniu do zewn\u0119trznej powierzchni \u015bcian budynku izolacji termicznej z p\u0142yt styropianowych i wykonaniu warstwy zbrojonej oraz wyprawy tynkarskiej. Systemy takie mog\u0105 by\u0107 stosowane zar\u00f3wno w obiektach nowo budowanych oraz ju\u017c eksploatowanych.<\/p>\n<p>Warstwa izolacyjna chroni materia\u0142 konstrukcyjny przed bezpo\u015brednim wp\u0142ywem \u015brodowiska i wyd\u0142u\u017ca \u017cywotno\u015b\u0107 budynk\u00f3w. Dzi\u0119ki ilo\u015bci dost\u0119pnych produkt\u00f3w, kolor\u00f3w i struktur oraz dowolnego ich \u0142\u0105czenia mo\u017cliwe jest swobodne kszta\u0142towanie wygl\u0105du elewacji.<\/p>\n<p><img loading=\"lazy\" class=\"alignnone size-full wp-image-361\" src=\"http:\/\/www.technitynk.pl\/wp-content\/uploads\/2017\/05\/systemy-ocieplen-tabela.png\" alt=\"\" width=\"1100\" height=\"456\" srcset=\"https:\/\/www.technitynk.pl\/wp-content\/uploads\/2017\/05\/systemy-ocieplen-tabela.png 1100w, https:\/\/www.technitynk.pl\/wp-content\/uploads\/2017\/05\/systemy-ocieplen-tabela-300x124.png 300w, https:\/\/www.technitynk.pl\/wp-content\/uploads\/2017\/05\/systemy-ocieplen-tabela-768x318.png 768w, https:\/\/www.technitynk.pl\/wp-content\/uploads\/2017\/05\/systemy-ocieplen-tabela-1024x424.png 1024w, https:\/\/www.technitynk.pl\/wp-content\/uploads\/2017\/05\/systemy-ocieplen-tabela-603x250.png 603w\" sizes=\"(max-width: 1100px) 100vw, 1100px\" \/><\/p>\n<p><strong>ZALETY SYSTEMU OCIEPLE\u0143 (SYSTEM DOSTOSOWANY DO P\u0141YT STYROPIANOWYCH)<\/strong><\/p>\n<ul>\n<li>samogasn\u0105cy<\/li>\n<li>jeden z najl\u017cejszych materia\u0142\u00f3w izolacyjnych<\/li>\n<li>odporny na dzia\u0142anie wody i wilgoci<\/li>\n<li>wi\u0119ksza trwa\u0142o\u015b\u0107 \u015bcian zewn\u0119trznych poprzez ich lepsze zabezpieczenie przed wp\u0142ywem niekorzystnych warunk\u00f3w atmosferycznych<\/li>\n<li>odpowiednia izolacyjno\u015b\u0107 termiczna \u015bcian<\/li>\n<li>odporny na dzia\u0142anie ple\u015bni, grzyb\u00f3w i bakterii<\/li>\n<\/ul>\n<p><img loading=\"lazy\" class=\"alignnone size-full wp-image-360\" src=\"http:\/\/www.technitynk.pl\/wp-content\/uploads\/2017\/05\/systemy-ocieplen-rysunek.png\" alt=\"\" width=\"1100\" height=\"551\" srcset=\"https:\/\/www.technitynk.pl\/wp-content\/uploads\/2017\/05\/systemy-ocieplen-rysunek.png 1100w, https:\/\/www.technitynk.pl\/wp-content\/uploads\/2017\/05\/systemy-ocieplen-rysunek-300x150.png 300w, https:\/\/www.technitynk.pl\/wp-content\/uploads\/2017\/05\/systemy-ocieplen-rysunek-768x385.png 768w, https:\/\/www.technitynk.pl\/wp-content\/uploads\/2017\/05\/systemy-ocieplen-rysunek-1024x513.png 1024w, https:\/\/www.technitynk.pl\/wp-content\/uploads\/2017\/05\/systemy-ocieplen-rysunek-499x250.png 499w\" sizes=\"(max-width: 1100px) 100vw, 1100px\" \/><\/p>\n","protected":false},"excerpt":{"rendered":"<p>System ocieple\u0144 TECHNITherm przeznaczony jest do stosowania jako zewn\u0119trzna izolacja \u015bcian na budynkach nowo wznoszonych, jak i ju\u017c eksploatowanych. System spe\u0142nia zadania wymaganej izolacyjno\u015bci cieplnej. Prawid\u0142owa technologia wykonania pozwoli na uzyskanie w\u0142a\u015bciwej jako\u015bci rob\u00f3t i uzyskanie odpowiedniej trwa\u0142o\u015bci ocieplenia. Dzi\u0119ki ilo\u015bci dost\u0119pnych produkt\u00f3w, kolor\u00f3w i struktur oraz dowolnego ich \u0142\u0105czenia mo\u017cliwe jest swobodne kszta\u0142towanie wygl\u0105du [&hellip;]<\/p>\n","protected":false},"author":1,"featured_media":0,"parent":0,"menu_order":0,"comment_status":"closed","ping_status":"closed","template":"page_simple.php","meta":[],"_links":{"self":[{"href":"https:\/\/www.technitynk.pl\/en\/wp-json\/wp\/v2\/pages\/87"}],"collection":[{"href":"https:\/\/www.technitynk.pl\/en\/wp-json\/wp\/v2\/pages"}],"about":[{"href":"https:\/\/www.technitynk.pl\/en\/wp-json\/wp\/v2\/types\/page"}],"author":[{"embeddable":true,"href":"https:\/\/www.technitynk.pl\/en\/wp-json\/wp\/v2\/users\/1"}],"replies":[{"embeddable":true,"href":"https:\/\/www.technitynk.pl\/en\/wp-json\/wp\/v2\/comments?post=87"}],"version-history":[{"count":0,"href":"https:\/\/www.technitynk.pl\/en\/wp-json\/wp\/v2\/pages\/87\/revisions"}],"wp:attachment":[{"href":"https:\/\/www.technitynk.pl\/en\/wp-json\/wp\/v2\/media?parent=87"}],"curies":[{"name":"wp","href":"https:\/\/api.w.org\/{rel}","templated":true}]}}